{"id":1755,"date":"2025-09-15T13:08:59","date_gmt":"2025-09-15T18:08:59","guid":{"rendered":"https:\/\/vertiqoutdoorexperience.com\/?page_id=1755"},"modified":"2025-09-19T20:47:10","modified_gmt":"2025-09-20T01:47:10","slug":"1755-2","status":"publish","type":"page","link":"https:\/\/vertiqoutdoorexperience.com\/en\/expediciones\/montanas\/1755-2\/","title":{"rendered":"Chimborazo"},"content":{"rendered":"<div class=\"wp-block-uagb-container uagb-block-f2bf148a alignfull uagb-is-root-container\"><div class=\"uagb-container-inner-blocks-wrap\">\n<div class=\"wp-block-uagb-container uagb-block-23570593\">\n<div class=\"wp-block-columns is-layout-flex wp-container-core-columns-is-layout-28f84493 wp-block-columns-is-layout-flex\">\n<div class=\"wp-block-column is-layout-flow wp-block-column-is-layout-flow\" style=\"flex-basis:66.66%\">\n<div class=\"wp-block-uagb-image aligncenter uagb-block-d4f92af0 wp-block-uagb-image--layout-overlay wp-block-uagb-image--effect-zoomin wp-block-uagb-image--align-center\"><figure class=\"wp-block-uagb-image__figure\"><img decoding=\"async\" srcset=\"https:\/\/vertiqoutdoorexperience.com\/wp-content\/uploads\/2025\/09\/chimbo-3-scaled.png ,https:\/\/vertiqoutdoorexperience.com\/wp-content\/uploads\/2025\/09\/chimbo-3-scaled.png 780w, https:\/\/vertiqoutdoorexperience.com\/wp-content\/uploads\/2025\/09\/chimbo-3-1024x624.png 360w\" sizes=\"auto, (max-width: 480px) 150px\" src=\"https:\/\/vertiqoutdoorexperience.com\/wp-content\/uploads\/2025\/09\/chimbo-3-scaled.png\" alt=\"\" class=\"uag-image-1759\" width=\"2500\" height=\"1523\" title=\"chimbo\" loading=\"lazy\" role=\"img\"\/><div class=\"wp-block-uagb-image--layout-overlay__color-wrapper\"><\/div><div class=\"wp-block-uagb-image--layout-overlay__inner center-center\"><h2 class=\"uagb-image-heading\">CHIMBORAZO<\/h2><div class=\"uagb-image-separator\"><\/div><figcaption class=\"uagb-image-caption\">6263 m.s.n.m.<\/figcaption><\/div><\/figure><\/div>\n<\/div>\n\n\n\n<div class=\"wp-block-column is-layout-flow wp-block-column-is-layout-flow\" style=\"flex-basis:33.33%\">\n<div class=\"wp-block-uagb-advanced-heading uagb-block-e4e96b47\"><h3 class=\"uagb-heading-text\">SERVICES INCLUDED<\/h3><\/div>\n\n\n\n<ul class=\"wp-block-list\">\n<li>Certified Guide ASEGUIM\/UIAGM.<\/li>\n\n\n\n<li>Private 4X4 transportation from Quito.<\/li>\n\n\n\n<li>Park entrance fee<\/li>\n\n\n\n<li>Accommodation at the shelter \/ High Camp.<\/li>\n\n\n\n<li>Dinner and breakfast.<\/li>\n\n\n\n<li>Technical equipment (Boots, crampons, ice axe, helmet, harness and flashlight).<\/li>\n<\/ul>\n\n\n\n<p><\/p>\n<\/div>\n<\/div>\n\n\n\n<div class=\"wp-block-uagb-separator uagb-block-706099ec\"><div class=\"wp-block-uagb-separator__inner\" style=\"--my-background-image:url(&quot;data:image\/svg+xml,%3Csvg width='16' height='16' viewBox='0 0 16 16' fill='none' xmlns='http:\/\/www.w3.org\/2000\/svg'%3E%3Cg clip-path='url(%23clip0_2356_5631)'%3E%3Cpath d='M15 1C10.5 1 9 2.5 9 7C13.5 7 15 5.5 15 1Z' stroke='black'\/%3E%3Cpath d='M1 1C5.5 1 7 2.5 7 7C2.5 7 1 5.5 1 1Z' stroke='black'\/%3E%3Cpath d='M15 15C10.5 15 9 13.5 9 9C13.5 9 15 10.5 15 15Z' stroke='black'\/%3E%3Cpath d='M1 15C5.5 15 7 13.5 7 9C2.5 9 1 10.5 1 15Z' stroke='black'\/%3E%3C\/g%3E%3Cdefs%3E%3CclipPath id='clip0_2356_5631'%3E%3Crect width='16' height='16' fill='white'\/%3E%3C\/clipPath%3E%3C\/defs%3E%3C\/svg%3E&quot;)\"><\/div><\/div>\n\n\n\n<div class=\"wp-block-uagb-advanced-heading uagb-block-45f2c5df\"><h2 class=\"uagb-heading-text\">To climb Chimborazo we have two options for you<\/h2><\/div>\n\n\n\n<p class=\"has-text-align-center\">Accommodation in either of these two options will depend on the climber's prior acclimatization and physical condition.<\/p>\n<\/div>\n<\/div><\/div>\n\n\n\n<div class=\"wp-block-uagb-container uagb-block-e5a93c28 alignfull uagb-is-root-container\"><div class=\"uagb-container-inner-blocks-wrap\">\n<div class=\"wp-block-uagb-container uagb-block-7bdf0ff9\">\n<div class=\"wp-block-uagb-advanced-heading uagb-block-40823136\"><h2 class=\"uagb-heading-text\">Shelter 4800 msnm.<\/h2><\/div>\n\n\n\n<div class=\"wp-block-uagb-image uagb-block-c6dc678e wp-block-uagb-image--layout-default wp-block-uagb-image--effect-static wp-block-uagb-image--align-none\"><figure class=\"wp-block-uagb-image__figure\"><img decoding=\"async\" srcset=\"https:\/\/vertiqoutdoorexperience.com\/wp-content\/uploads\/2025\/09\/0C67F5A8-067A-4A68-8936-E6870B31C9DC_1_105_c-2.jpg ,https:\/\/vertiqoutdoorexperience.com\/wp-content\/uploads\/2025\/09\/0C67F5A8-067A-4A68-8936-E6870B31C9DC_1_105_c-2.jpg 780w, https:\/\/vertiqoutdoorexperience.com\/wp-content\/uploads\/2025\/09\/0C67F5A8-067A-4A68-8936-E6870B31C9DC_1_105_c-2.jpg 360w\" sizes=\"auto, (max-width: 480px) 150px\" src=\"https:\/\/vertiqoutdoorexperience.com\/wp-content\/uploads\/2025\/09\/0C67F5A8-067A-4A68-8936-E6870B31C9DC_1_105_c-2.jpg\" alt=\"\" class=\"uag-image-1778\" width=\"565\" height=\"423\" title=\"0C67F5A8-067A-4A68-8936-E6870B31C9DC_1_105_c\" loading=\"lazy\" role=\"img\"\/><\/figure><\/div>\n<\/div>\n\n\n\n<div class=\"wp-block-uagb-container uagb-block-0f5aebf5\">\n<div class=\"wp-block-uagb-advanced-heading uagb-block-94ed412f\"><h2 class=\"uagb-heading-text\">High Camp 5350 msnm.<\/h2><\/div>\n\n\n\n<div class=\"wp-block-uagb-image uagb-block-18c2a66e wp-block-uagb-image--layout-default wp-block-uagb-image--effect-static wp-block-uagb-image--align-none\"><figure class=\"wp-block-uagb-image__figure\"><img decoding=\"async\" srcset=\"https:\/\/vertiqoutdoorexperience.com\/wp-content\/uploads\/2025\/09\/Chimborazo-High-Camp-700x500-2.jpeg ,https:\/\/vertiqoutdoorexperience.com\/wp-content\/uploads\/2025\/09\/Chimborazo-High-Camp-700x500-2.jpeg 780w, https:\/\/vertiqoutdoorexperience.com\/wp-content\/uploads\/2025\/09\/Chimborazo-High-Camp-700x500-2.jpeg 360w\" sizes=\"auto, (max-width: 480px) 150px\" src=\"https:\/\/vertiqoutdoorexperience.com\/wp-content\/uploads\/2025\/09\/Chimborazo-High-Camp-700x500-2.jpeg\" alt=\"\" class=\"uag-image-1780\" width=\"700\" height=\"500\" title=\"Chimborazo-High-Camp-700x500\" loading=\"lazy\" role=\"img\"\/><\/figure><\/div>\n<\/div>\n<\/div><\/div>\n\n\n\n<p><\/p>","protected":false},"excerpt":{"rendered":"<p>SERVICIOS INCLUIDOS Para escalar el Chimborazo tenemos dos opciones para ti El alojamiento en cualquiera de estas dos opciones depender\u00e1 de la aclimataci\u00f3n previa y el estado f\u00edsico del escalador. Refugio 4800 msnm. Campo Alto 5350 msnm.<\/p>","protected":false},"author":1,"featured_media":0,"parent":1528,"menu_order":0,"comment_status":"closed","ping_status":"closed","template":"","meta":{"_surecart_dashboard_logo_width":"180px","_surecart_dashboard_show_logo":true,"_surecart_dashboard_navigation_orders":true,"_surecart_dashboard_navigation_invoices":true,"_surecart_dashboard_navigation_subscriptions":true,"_surecart_dashboard_navigation_downloads":true,"_surecart_dashboard_navigation_billing":true,"_surecart_dashboard_navigation_account":true,"_uag_custom_page_level_css":"","site-sidebar-layout":"default","site-content-layout":"","ast-site-content-layout":"default","site-content-style":"default","site-sidebar-style":"default","ast-global-header-display":"","ast-banner-title-visibility":"","ast-main-header-display":"","ast-hfb-above-header-display":"","ast-hfb-below-header-display":"","ast-hfb-mobile-header-display":"","site-post-title":"disabled","ast-breadcrumbs-content":"","ast-featured-img":"","footer-sml-layout":"","theme-transparent-header-meta":"","adv-header-id-meta":"","stick-header-meta":"","header-above-stick-meta":"","header-main-stick-meta":"","header-below-stick-meta":"","astra-migrate-meta-layouts":"set","ast-page-background-enabled":"default","ast-page-background-meta":{"desktop":{"background-color":"","background-image":"","background-repeat":"repeat","background-position":"center center","background-size":"auto","background-attachment":"scroll","background-type":"","background-media":"","overlay-type":"","overlay-color":"","overlay-opacity":"","overlay-gradient":""},"tablet":{"background-color":"","background-image":"","background-repeat":"repeat","background-position":"center center","background-size":"auto","background-attachment":"scroll","background-type":"","background-media":"","overlay-type":"","overlay-color":"","overlay-opacity":"","overlay-gradient":""},"mobile":{"background-color":"","background-image":"","background-repeat":"repeat","background-position":"center center","background-size":"auto","background-attachment":"scroll","background-type":"","background-media":"","overlay-type":"","overlay-color":"","overlay-opacity":"","overlay-gradient":""}},"ast-content-background-meta":{"desktop":{"background-color":"var(--ast-global-color-5)","background-image":"","background-repeat":"repeat","background-position":"center center","background-size":"auto","background-attachment":"scroll","background-type":"","background-media":"","overlay-type":"","overlay-color":"","overlay-opacity":"","overlay-gradient":""},"tablet":{"background-color":"var(--ast-global-color-5)","background-image":"","background-repeat":"repeat","background-position":"center center","background-size":"auto","background-attachment":"scroll","background-type":"","background-media":"","overlay-type":"","overlay-color":"","overlay-opacity":"","overlay-gradient":""},"mobile":{"background-color":"var(--ast-global-color-5)","background-image":"","background-repeat":"repeat","background-position":"center center","background-size":"auto","background-attachment":"scroll","background-type":"","background-media":"","overlay-type":"","overlay-color":"","overlay-opacity":"","overlay-gradient":""}},"footnotes":""},"class_list":["post-1755","page","type-page","status-publish","hentry"],"_hostinger_reach_plugin_has_subscription_block":false,"_hostinger_reach_plugin_is_elementor":false,"uagb_featured_image_src":{"full":false,"thumbnail":false,"medium":false,"medium_large":false,"large":false,"1536x1536":false,"2048x2048":false,"trp-custom-language-flag":false,"woocommerce_thumbnail":false,"woocommerce_single":false,"woocommerce_gallery_thumbnail":false},"uagb_author_info":{"display_name":"infovertiq@gmail.com","author_link":"https:\/\/vertiqoutdoorexperience.com\/en\/author\/infovertiqgmail-com\/"},"uagb_comment_info":0,"uagb_excerpt":"SERVICIOS INCLUIDOS Para escalar el Chimborazo tenemos dos opciones para ti El alojamiento en cualquiera de estas dos opciones depender\u00e1 de la aclimataci\u00f3n previa y el estado f\u00edsico del escalador. Refugio 4800 msnm. Campo Alto 5350 msnm.","_links":{"self":[{"href":"https:\/\/vertiqoutdoorexperience.com\/en\/wp-json\/wp\/v2\/pages\/1755","targetHints":{"allow":["GET"]}}],"collection":[{"href":"https:\/\/vertiqoutdoorexperience.com\/en\/wp-json\/wp\/v2\/pages"}],"about":[{"href":"https:\/\/vertiqoutdoorexperience.com\/en\/wp-json\/wp\/v2\/types\/page"}],"author":[{"embeddable":true,"href":"https:\/\/vertiqoutdoorexperience.com\/en\/wp-json\/wp\/v2\/users\/1"}],"replies":[{"embeddable":true,"href":"https:\/\/vertiqoutdoorexperience.com\/en\/wp-json\/wp\/v2\/comments?post=1755"}],"version-history":[{"count":10,"href":"https:\/\/vertiqoutdoorexperience.com\/en\/wp-json\/wp\/v2\/pages\/1755\/revisions"}],"predecessor-version":[{"id":1880,"href":"https:\/\/vertiqoutdoorexperience.com\/en\/wp-json\/wp\/v2\/pages\/1755\/revisions\/1880"}],"up":[{"embeddable":true,"href":"https:\/\/vertiqoutdoorexperience.com\/en\/wp-json\/wp\/v2\/pages\/1528"}],"wp:attachment":[{"href":"https:\/\/vertiqoutdoorexperience.com\/en\/wp-json\/wp\/v2\/media?parent=1755"}],"curies":[{"name":"wp","href":"https:\/\/api.w.org\/{rel}","templated":true}]}}