{"id":915,"date":"2025-09-03T17:41:58","date_gmt":"2025-09-03T22:41:58","guid":{"rendered":"https:\/\/vertiqoutdoorexperience.com\/about-2\/"},"modified":"2025-09-19T20:50:44","modified_gmt":"2025-09-20T01:50:44","slug":"about-2","status":"publish","type":"page","link":"https:\/\/vertiqoutdoorexperience.com\/en\/about-2\/","title":{"rendered":"ABOUT US"},"content":{"rendered":"<div class=\"wp-block-cover has-large-font-size\" style=\"padding-right:0;padding-left:0\"><img loading=\"lazy\" decoding=\"async\" width=\"2560\" height=\"1708\" class=\"wp-block-cover__image-background wp-image-1559 size-full\" alt=\"\" src=\"https:\/\/vertiqoutdoorexperience.com\/wp-content\/uploads\/2025\/09\/DSC7982-3-scaled.jpg\" style=\"object-position:47% 40%\" data-object-fit=\"cover\" data-object-position=\"47% 40%\" srcset=\"https:\/\/vertiqoutdoorexperience.com\/wp-content\/uploads\/2025\/09\/DSC7982-3-scaled.jpg 2560w, https:\/\/vertiqoutdoorexperience.com\/wp-content\/uploads\/2025\/09\/DSC7982-3-300x200.jpg 300w, https:\/\/vertiqoutdoorexperience.com\/wp-content\/uploads\/2025\/09\/DSC7982-3-1024x683.jpg 1024w, https:\/\/vertiqoutdoorexperience.com\/wp-content\/uploads\/2025\/09\/DSC7982-3-768x513.jpg 768w, https:\/\/vertiqoutdoorexperience.com\/wp-content\/uploads\/2025\/09\/DSC7982-3-1536x1025.jpg 1536w, https:\/\/vertiqoutdoorexperience.com\/wp-content\/uploads\/2025\/09\/DSC7982-3-2048x1367.jpg 2048w\" sizes=\"auto, (max-width: 2560px) 100vw, 2560px\" \/><span aria-hidden=\"true\" class=\"wp-block-cover__background has-background-dim-20 has-background-dim\"><\/span><div class=\"wp-block-cover__inner-container is-layout-flow wp-container-core-cover-is-layout-b108c007 wp-block-cover-is-layout-flow\">\n<p><\/p>\n<\/div><\/div>\n\n\n\n<div class=\"wp-block-uagb-container uagb-layout-grid uagb-block-c07c1ca2 default uagb-is-root-container\">\n<div class=\"wp-block-uagb-info-box uagb-block-439a912a uagb-infobox__content-wrap  uagb-infobox-icon-above-title uagb-infobox-image-valign-top\"><div class=\"uagb-ifb-content\"><div class=\"uagb-ifb-title-wrap\"><h4 class=\"uagb-ifb-title\">ABOUT US<\/h4><\/div><div class=\"uagb-ifb-separator\"><\/div><p class=\"uagb-ifb-desc\">Working and innovating since 2018, VertiQ promotes outdoor sports and the conservation of the places we visit around the world for hiking, climbing, and mountaineering.<\/p><\/div><\/div>\n\n\n\n<div class=\"wp-block-uagb-image alignright uagb-block-c2362fda wp-block-uagb-image--layout-default wp-block-uagb-image--effect-zoomin wp-block-uagb-image--align-right\"><figure class=\"wp-block-uagb-image__figure\"><img decoding=\"async\" srcset=\"https:\/\/vertiqoutdoorexperience.com\/wp-content\/uploads\/2025\/09\/IMG_0500-1024x768.jpg ,https:\/\/vertiqoutdoorexperience.com\/wp-content\/uploads\/2025\/09\/IMG_0500-scaled.jpg 780w, https:\/\/vertiqoutdoorexperience.com\/wp-content\/uploads\/2025\/09\/IMG_0500-scaled.jpg 360w\" sizes=\"auto, (max-width: 480px) 150px\" src=\"https:\/\/vertiqoutdoorexperience.com\/wp-content\/uploads\/2025\/09\/IMG_0500-1024x768.jpg\" alt=\"\" class=\"uag-image-1561\" width=\"517\" height=\"347\" title=\"IMG_0500\" loading=\"lazy\" role=\"img\"\/><\/figure><\/div>\n<\/div>\n\n\n\n<hr class=\"wp-block-separator has-text-color has-alpha-channel-opacity has-background is-style-wide\" style=\"margin-top:0;margin-bottom:0;background-color:#0951bd;color:#0951bd\"\/>\n\n\n\n<div class=\"wp-block-uagb-container uagb-block-ada1b635 alignfull uagb-is-root-container\"><div class=\"uagb-container-inner-blocks-wrap\">\n<div class=\"wp-block-uagb-image uagb-block-f619289a wp-block-uagb-image--layout-default wp-block-uagb-image--effect-zoomin wp-block-uagb-image--align-none\"><figure class=\"wp-block-uagb-image__figure\"><img decoding=\"async\" srcset=\"https:\/\/vertiqoutdoorexperience.com\/wp-content\/uploads\/2025\/09\/IMG_3243-768x1024.jpg ,https:\/\/vertiqoutdoorexperience.com\/wp-content\/uploads\/2025\/09\/IMG_3243-scaled.jpg 780w, https:\/\/vertiqoutdoorexperience.com\/wp-content\/uploads\/2025\/09\/IMG_3243-scaled.jpg 360w\" sizes=\"auto, (max-width: 480px) 150px\" src=\"https:\/\/vertiqoutdoorexperience.com\/wp-content\/uploads\/2025\/09\/IMG_3243-768x1024.jpg\" alt=\"\" class=\"uag-image-1562\" width=\"354\" height=\"174\" title=\"\" loading=\"lazy\" role=\"presentation\"\/><\/figure><\/div>\n\n\n\n<div class=\"wp-block-uagb-container uagb-block-03a254f1\">\n<div class=\"wp-block-uagb-advanced-heading uagb-block-ba8c335d\"><h4 class=\"uagb-heading-text\">OUR HISTORY<\/h4><div class=\"uagb-separator\"><\/div><\/div>\n\n\n\n<p class=\"has-text-align-left\">VertiQ was born in the Valley of the 9 Volcanoes in Machachi, from the need to explore rarely visited places, moors, and mountains in the Ecuadorian Andes, making our company a pioneer in offering personal growth experiences through the safe practice of outdoor sports.<\/p>\n<\/div>\n<\/div><\/div>\n\n\n\n<hr class=\"wp-block-separator has-text-color has-alpha-channel-opacity has-background is-style-wide\" style=\"background-color:#0951bd;color:#0951bd\"\/>\n\n\n\n<div class=\"wp-block-uagb-container uagb-block-71c024d5 alignfull uagb-is-root-container\"><div class=\"uagb-container-inner-blocks-wrap\">\n<div class=\"wp-block-uagb-container uagb-block-20f3fa7f\">\n<div class=\"wp-block-columns is-layout-flex wp-container-core-columns-is-layout-28f84493 wp-block-columns-is-layout-flex\">\n<div class=\"wp-block-column is-layout-flow wp-block-column-is-layout-flow\">\n<div class=\"wp-block-uagb-image uagb-block-50e84f6f wp-block-uagb-image--layout-default wp-block-uagb-image--effect-slide wp-block-uagb-image--align-none\"><figure class=\"wp-block-uagb-image__figure\"><img decoding=\"async\" srcset=\"https:\/\/vertiqoutdoorexperience.com\/wp-content\/uploads\/2025\/09\/D96346E2-CB9C-4EBA-ABFE-74AEF85F81FE-2-925x1024.jpg ,https:\/\/vertiqoutdoorexperience.com\/wp-content\/uploads\/2025\/09\/D96346E2-CB9C-4EBA-ABFE-74AEF85F81FE-2.jpg 780w, https:\/\/vertiqoutdoorexperience.com\/wp-content\/uploads\/2025\/09\/D96346E2-CB9C-4EBA-ABFE-74AEF85F81FE-2.jpg 360w\" sizes=\"auto, (max-width: 480px) 150px\" src=\"https:\/\/vertiqoutdoorexperience.com\/wp-content\/uploads\/2025\/09\/D96346E2-CB9C-4EBA-ABFE-74AEF85F81FE-2-925x1024.jpg\" alt=\"\" class=\"uag-image-1564\" width=\"2002\" height=\"3000\" title=\"D96346E2-CB9C-4EBA-ABFE-74AEF85F81FE 2\" loading=\"lazy\" role=\"img\"\/><\/figure><\/div>\n<\/div>\n\n\n\n<div class=\"wp-block-column is-vertically-aligned-center is-layout-flow wp-block-column-is-layout-flow\">\n<div class=\"wp-block-uagb-info-box uagb-block-e66832ab uagb-infobox__content-wrap  uagb-infobox-icon-above-title uagb-infobox-image-valign-top\"><div class=\"uagb-ifb-content\"><div class=\"uagb-ifb-title-wrap\"><h2 class=\"uagb-ifb-title\">Jos\u00e9 Miguel Quintana<\/h2><\/div><p class=\"uagb-ifb-desc\">A lo largo de estos a\u00f1os Jos\u00e9 Miguel Quintana, su fundador, ha logrado dirigir un sin n\u00famero de expediciones en las monta\u00f1as y volcanes de Ecuador, Per\u00fa, Chile y Argentina adquiriendo experiencia y afinando cada detalle para brindar a los clientes y amigos de VertiQ una experiencia para toda su vida.<\/p><\/div><\/div>\n<\/div>\n<\/div>\n<\/div>\n<\/div><\/div>\n\n\n\n<p><\/p>","protected":false},"excerpt":{"rendered":"<p>NUESTRA HISTORIA VertiQ nace en el Valle de los 9 Volcanes en Machachi, desde la necesidad de explorar lugares, p\u00e1ramos y monta\u00f1as poco visitadas en los Andes ecuatorianos haciendo de nuestra empresa la pionera en ofrecer experiencias de crecimiento personal con la pr\u00e1ctica segura del deporte al aire libre.<\/p>","protected":false},"author":1,"featured_media":1359,"parent":0,"menu_order":0,"comment_status":"closed","ping_status":"closed","template":"","meta":{"_surecart_dashboard_logo_width":"180px","_surecart_dashboard_show_logo":true,"_surecart_dashboard_navigation_orders":true,"_surecart_dashboard_navigation_invoices":true,"_surecart_dashboard_navigation_subscriptions":true,"_surecart_dashboard_navigation_downloads":true,"_surecart_dashboard_navigation_billing":true,"_surecart_dashboard_navigation_account":true,"_uag_custom_page_level_css":"","site-sidebar-layout":"no-sidebar","site-content-layout":"plain-container","ast-site-content-layout":"full-width-container","site-content-style":"unboxed","site-sidebar-style":"unboxed","ast-global-header-display":"","ast-banner-title-visibility":"","ast-main-header-display":"","ast-hfb-above-header-display":"","ast-hfb-below-header-display":"","ast-hfb-mobile-header-display":"","site-post-title":"","ast-breadcrumbs-content":"","ast-featured-img":"disabled","footer-sml-layout":"","theme-transparent-header-meta":"enabled","adv-header-id-meta":"","stick-header-meta":"","header-above-stick-meta":"","header-main-stick-meta":"","header-below-stick-meta":"","astra-migrate-meta-layouts":"set","ast-page-background-enabled":"default","ast-page-background-meta":{"desktop":{"background-color":"","background-image":"","background-repeat":"repeat","background-position":"center center","background-size":"auto","background-attachment":"scroll","background-type":"","background-media":"","overlay-type":"","overlay-color":"","overlay-opacity":"","overlay-gradient":""},"tablet":{"background-color":"","background-image":"","background-repeat":"repeat","background-position":"center center","background-size":"auto","background-attachment":"scroll","background-type":"","background-media":"","overlay-type":"","overlay-color":"","overlay-opacity":"","overlay-gradient":""},"mobile":{"background-color":"","background-image":"","background-repeat":"repeat","background-position":"center center","background-size":"auto","background-attachment":"scroll","background-type":"","background-media":"","overlay-type":"","overlay-color":"","overlay-opacity":"","overlay-gradient":""}},"ast-content-background-meta":{"desktop":{"background-color":"var(--ast-global-color-5)","background-image":"","background-repeat":"repeat","background-position":"center center","background-size":"auto","background-attachment":"scroll","background-type":"","background-media":"","overlay-type":"","overlay-color":"","overlay-opacity":"","overlay-gradient":""},"tablet":{"background-color":"var(--ast-global-color-5)","background-image":"","background-repeat":"repeat","background-position":"center center","background-size":"auto","background-attachment":"scroll","background-type":"","background-media":"","overlay-type":"","overlay-color":"","overlay-opacity":"","overlay-gradient":""},"mobile":{"background-color":"var(--ast-global-color-5)","background-image":"","background-repeat":"repeat","background-position":"center center","background-size":"auto","background-attachment":"scroll","background-type":"","background-media":"","overlay-type":"","overlay-color":"","overlay-opacity":"","overlay-gradient":""}},"footnotes":""},"class_list":["post-915","page","type-page","status-publish","has-post-thumbnail","hentry"],"_hostinger_reach_plugin_has_subscription_block":false,"_hostinger_reach_plugin_is_elementor":false,"uagb_featured_image_src":{"full":["https:\/\/vertiqoutdoorexperience.com\/wp-content\/uploads\/2025\/09\/DSC02081-1-scaled.jpg",2560,1707,false],"thumbnail":["https:\/\/vertiqoutdoorexperience.com\/wp-content\/uploads\/2025\/09\/DSC02081-1-150x150.jpg",150,150,true],"medium":["https:\/\/vertiqoutdoorexperience.com\/wp-content\/uploads\/2025\/09\/DSC02081-1-300x200.jpg",300,200,true],"medium_large":["https:\/\/vertiqoutdoorexperience.com\/wp-content\/uploads\/2025\/09\/DSC02081-1-768x512.jpg",768,512,true],"large":["https:\/\/vertiqoutdoorexperience.com\/wp-content\/uploads\/2025\/09\/DSC02081-1-1024x683.jpg",1024,683,true],"1536x1536":["https:\/\/vertiqoutdoorexperience.com\/wp-content\/uploads\/2025\/09\/DSC02081-1-1536x1024.jpg",1536,1024,true],"2048x2048":["https:\/\/vertiqoutdoorexperience.com\/wp-content\/uploads\/2025\/09\/DSC02081-1-2048x1365.jpg",2048,1365,true],"trp-custom-language-flag":["https:\/\/vertiqoutdoorexperience.com\/wp-content\/uploads\/2025\/09\/DSC02081-1-scaled.jpg",18,12,false],"woocommerce_thumbnail":["https:\/\/vertiqoutdoorexperience.com\/wp-content\/uploads\/2025\/09\/DSC02081-1-scaled-300x300.jpg",300,300,true],"woocommerce_single":["https:\/\/vertiqoutdoorexperience.com\/wp-content\/uploads\/2025\/09\/DSC02081-1-scaled.jpg",600,400,false],"woocommerce_gallery_thumbnail":["https:\/\/vertiqoutdoorexperience.com\/wp-content\/uploads\/2025\/09\/DSC02081-1-scaled-100x100.jpg",100,100,true]},"uagb_author_info":{"display_name":"infovertiq@gmail.com","author_link":"https:\/\/vertiqoutdoorexperience.com\/en\/author\/infovertiqgmail-com\/"},"uagb_comment_info":0,"uagb_excerpt":"NUESTRA HISTORIA VertiQ nace en el Valle de los 9 Volcanes en Machachi, desde la necesidad de explorar lugares, p\u00e1ramos y monta\u00f1as poco visitadas en los Andes ecuatorianos haciendo de nuestra empresa la pionera en ofrecer experiencias de crecimiento personal con la pr\u00e1ctica segura del deporte al aire libre.","_links":{"self":[{"href":"https:\/\/vertiqoutdoorexperience.com\/en\/wp-json\/wp\/v2\/pages\/915","targetHints":{"allow":["GET"]}}],"collection":[{"href":"https:\/\/vertiqoutdoorexperience.com\/en\/wp-json\/wp\/v2\/pages"}],"about":[{"href":"https:\/\/vertiqoutdoorexperience.com\/en\/wp-json\/wp\/v2\/types\/page"}],"author":[{"embeddable":true,"href":"https:\/\/vertiqoutdoorexperience.com\/en\/wp-json\/wp\/v2\/users\/1"}],"replies":[{"embeddable":true,"href":"https:\/\/vertiqoutdoorexperience.com\/en\/wp-json\/wp\/v2\/comments?post=915"}],"version-history":[{"count":10,"href":"https:\/\/vertiqoutdoorexperience.com\/en\/wp-json\/wp\/v2\/pages\/915\/revisions"}],"predecessor-version":[{"id":1881,"href":"https:\/\/vertiqoutdoorexperience.com\/en\/wp-json\/wp\/v2\/pages\/915\/revisions\/1881"}],"wp:featuredmedia":[{"embeddable":true,"href":"https:\/\/vertiqoutdoorexperience.com\/en\/wp-json\/wp\/v2\/media\/1359"}],"wp:attachment":[{"href":"https:\/\/vertiqoutdoorexperience.com\/en\/wp-json\/wp\/v2\/media?parent=915"}],"curies":[{"name":"wp","href":"https:\/\/api.w.org\/{rel}","templated":true}]}}