{"id":919,"date":"2025-09-03T17:41:58","date_gmt":"2025-09-03T22:41:58","guid":{"rendered":"https:\/\/vertiqoutdoorexperience.com\/home-2\/"},"modified":"2025-09-19T20:31:52","modified_gmt":"2025-09-20T01:31:52","slug":"home-2","status":"publish","type":"page","link":"https:\/\/vertiqoutdoorexperience.com\/en\/","title":{"rendered":"HOME"},"content":{"rendered":"<div class=\"wp-block-uagb-container uagb-block-80f8b66e alignfull uagb-is-root-container\"><div class=\"uagb-container__video-wrap\"><video autoplay loop muted playsinline><source src=\"https:\/\/vertiqoutdoorexperience.com\/wp-content\/uploads\/2025\/09\/Mi-pelicula-9.mp4\" type=\"video\/mp4\"\/><\/video><\/div><div class=\"uagb-container-inner-blocks-wrap\">\n<div class=\"wp-block-uagb-advanced-heading uagb-block-9ab589c0\"><h1 class=\"uagb-heading-text\">EXPLORE THE ANDES WITH US<\/h1><\/div>\n<\/div><\/div>\n\n\n\n<div class=\"wp-block-uagb-container uagb-block-4e5b41fa default uagb-is-root-container\">\n<div class=\"wp-block-uagb-container uagb-block-ecc0bf2f\">\n<p class=\"has-text-align-center has-ast-global-color-5-color has-text-color has-background has-link-color wp-elements-8d1a0185df9b27418d1dc734e72ebbea\" style=\"border-radius:20px;background-color:#053783;padding-top:var(--wp--preset--spacing--20);padding-right:var(--wp--preset--spacing--20);padding-bottom:var(--wp--preset--spacing--20);padding-left:var(--wp--preset--spacing--20);font-size:22px\">VertiQ will help you achieve your dreams.<\/p>\n\n\n\n<div class=\"wp-block-uagb-container uagb-block-515e1b94\">\n<div class=\"wp-block-uagb-container uagb-block-edc387a3\">\n<div class=\"wp-block-uagb-slider uagb-block-1ce22b69 uagb-slider-container\"><div class=\"uagb-slides uagb-swiper\"><div class=\"swiper-wrapper\">\n<div class=\"wp-block-uagb-slider-child uagb-slider-child-wrap swiper-slide uagb-block-d14f6c1f\"><div class=\"swiper-content\">\n<div class=\"wp-block-uagb-container uagb-block-0ed88d8c\">\n<div class=\"wp-block-uagb-info-box uagb-block-59d5aa37 spectra-gbs-jose1757001565793 uagb-infobox__content-wrap  uagb-infobox-icon-below-title uagb-infobox-image-valign-top wp-block-uagb-info-box--has-margin\"><div class=\"uagb-infobox-margin-wrapper\"><div class=\"uagb-ifb-content\"><div class=\"uagb-ifb-title-wrap\"><h2 class=\"uagb-ifb-title\">ECUADOR<\/h2><\/div><div class=\"uagb-ifb-separator\"><\/div><div class=\"uagb-ifb-image-content\"><img decoding=\"async\" src=\"https:\/\/vertiqoutdoorexperience.com\/wp-content\/uploads\/2025\/09\/Flag_of_Ecuador.svg-300x200.png\" alt=\"ECUADOR\" width=\"70\" height=\"46\" loading=\"lazy\"\/><\/div><p class=\"uagb-ifb-desc\">Mountains and volcanoes very close to the capital where you can acclimatize, train, and achieve your goals in less time.<\/p><\/div><\/div><\/div>\n<\/div>\n\n\n\n<div class=\"wp-block-cover is-light wp-duotone-unset-1\" style=\"min-height:470px;aspect-ratio:unset;\"><img loading=\"lazy\" decoding=\"async\" width=\"1440\" height=\"1080\" class=\"wp-block-cover__image-background wp-image-1587 size-full\" alt=\"\" src=\"https:\/\/vertiqoutdoorexperience.com\/wp-content\/uploads\/2025\/09\/D296C54A-C4CF-4A15-BFBA-B36D0D710D9F.jpg\" style=\"object-position:51% 40%\" data-object-fit=\"cover\" data-object-position=\"51% 40%\" srcset=\"https:\/\/vertiqoutdoorexperience.com\/wp-content\/uploads\/2025\/09\/D296C54A-C4CF-4A15-BFBA-B36D0D710D9F.jpg 1440w, https:\/\/vertiqoutdoorexperience.com\/wp-content\/uploads\/2025\/09\/D296C54A-C4CF-4A15-BFBA-B36D0D710D9F-300x225.jpg 300w, https:\/\/vertiqoutdoorexperience.com\/wp-content\/uploads\/2025\/09\/D296C54A-C4CF-4A15-BFBA-B36D0D710D9F-1024x768.jpg 1024w, https:\/\/vertiqoutdoorexperience.com\/wp-content\/uploads\/2025\/09\/D296C54A-C4CF-4A15-BFBA-B36D0D710D9F-768x576.jpg 768w\" sizes=\"auto, (max-width: 1440px) 100vw, 1440px\" \/><span aria-hidden=\"true\" class=\"wp-block-cover__background has-background-dim-0 has-background-dim\" style=\"background-color:#7b8caf\"><\/span><div class=\"wp-block-cover__inner-container is-layout-constrained wp-block-cover-is-layout-constrained\">\n<p class=\"has-text-align-center has-large-font-size\"><\/p>\n<\/div><\/div>\n<\/div><\/div>\n\n\n\n<div class=\"wp-block-uagb-slider-child uagb-slider-child-wrap swiper-slide uagb-block-e8648426\"><div class=\"swiper-content\">\n<div class=\"wp-block-uagb-container uagb-block-4f7d55e4\">\n<div class=\"wp-block-uagb-info-box uagb-block-6a01bc63 uagb-infobox__content-wrap  uagb-infobox-icon-below-title uagb-infobox-image-valign-top\"><div class=\"uagb-ifb-content\"><div class=\"uagb-ifb-title-wrap\"><h2 class=\"uagb-ifb-title\">PER\u00da<\/h2><\/div><div class=\"uagb-ifb-separator\"><\/div><div class=\"uagb-ifb-image-content\"><img decoding=\"async\" src=\"https:\/\/vertiqoutdoorexperience.com\/wp-content\/uploads\/2025\/09\/national-flag-of-peru-flat-color-icon-vector-300x210.jpg\" alt=\"\" width=\"70\" height=\"49\" loading=\"lazy\"\/><\/div><p class=\"uagb-ifb-desc\">If you're looking to climb high, technical mountains, the Cordillera Blanca is the perfect place.<\/p><\/div><\/div>\n\n\n\n<div class=\"wp-block-cover\" style=\"min-height:470px;aspect-ratio:unset;\"><img loading=\"lazy\" decoding=\"async\" width=\"1440\" height=\"1085\" class=\"wp-block-cover__image-background wp-image-1827 size-full\" alt=\"\" src=\"https:\/\/vertiqoutdoorexperience.com\/wp-content\/uploads\/2025\/09\/74F24090-890D-4357-B6D2-79363CC56887.jpg\" style=\"object-position:65% 98%\" data-object-fit=\"cover\" data-object-position=\"65% 98%\" srcset=\"https:\/\/vertiqoutdoorexperience.com\/wp-content\/uploads\/2025\/09\/74F24090-890D-4357-B6D2-79363CC56887.jpg 1440w, https:\/\/vertiqoutdoorexperience.com\/wp-content\/uploads\/2025\/09\/74F24090-890D-4357-B6D2-79363CC56887-300x226.jpg 300w, https:\/\/vertiqoutdoorexperience.com\/wp-content\/uploads\/2025\/09\/74F24090-890D-4357-B6D2-79363CC56887-1024x772.jpg 1024w, https:\/\/vertiqoutdoorexperience.com\/wp-content\/uploads\/2025\/09\/74F24090-890D-4357-B6D2-79363CC56887-768x579.jpg 768w, https:\/\/vertiqoutdoorexperience.com\/wp-content\/uploads\/2025\/09\/74F24090-890D-4357-B6D2-79363CC56887-16x12.jpg 16w\" sizes=\"auto, (max-width: 1440px) 100vw, 1440px\" \/><span aria-hidden=\"true\" class=\"wp-block-cover__background has-ast-global-color-5-background-color has-background-dim-10 has-background-dim\"><\/span><div class=\"wp-block-cover__inner-container is-layout-flow wp-block-cover-is-layout-flow\">\n<p class=\"has-text-align-center has-medium-font-size\"><\/p>\n<\/div><\/div>\n<\/div>\n<\/div><\/div>\n\n\n\n<div class=\"wp-block-uagb-slider-child uagb-slider-child-wrap swiper-slide uagb-block-a01881d1\"><div class=\"swiper-content\">\n<div class=\"wp-block-uagb-container uagb-block-4341b14c\">\n<div class=\"wp-block-uagb-info-box uagb-block-987f0d2b uagb-infobox__content-wrap  uagb-infobox-icon-below-title uagb-infobox-image-valign-top\"><div class=\"uagb-ifb-content\"><div class=\"uagb-ifb-title-wrap\"><h3 class=\"uagb-ifb-title\">ARGENTINA<\/h3><\/div><div class=\"uagb-ifb-separator\"><\/div><div class=\"uagb-ifb-image-content\"><img decoding=\"async\" src=\"https:\/\/vertiqoutdoorexperience.com\/wp-content\/uploads\/2025\/09\/Flag_of_Argentina_1818\u20131819_1820\u20131829_1861\u20132010.svg.png\" alt=\"\" width=\"70\" height=\"45\" loading=\"lazy\"\/><\/div><p class=\"uagb-ifb-desc\">Aconcagua isn't just a mountain; it's a challenge that transforms your body and mind. Train with us and conquer the highest peak in the Americas.<\/p><\/div><\/div>\n<\/div>\n\n\n\n<div class=\"wp-block-cover is-light\" style=\"min-height:470px;aspect-ratio:unset;\"><img loading=\"lazy\" decoding=\"async\" width=\"2560\" height=\"1920\" class=\"wp-block-cover__image-background wp-image-1465 size-full\" alt=\"\" src=\"https:\/\/vertiqoutdoorexperience.com\/wp-content\/uploads\/2025\/09\/IMG_3887-scaled.jpg\" style=\"object-position:54% 67%\" data-object-fit=\"cover\" data-object-position=\"54% 67%\" srcset=\"https:\/\/vertiqoutdoorexperience.com\/wp-content\/uploads\/2025\/09\/IMG_3887-scaled.jpg 2560w, https:\/\/vertiqoutdoorexperience.com\/wp-content\/uploads\/2025\/09\/IMG_3887-300x225.jpg 300w, https:\/\/vertiqoutdoorexperience.com\/wp-content\/uploads\/2025\/09\/IMG_3887-1024x768.jpg 1024w, https:\/\/vertiqoutdoorexperience.com\/wp-content\/uploads\/2025\/09\/IMG_3887-768x576.jpg 768w, https:\/\/vertiqoutdoorexperience.com\/wp-content\/uploads\/2025\/09\/IMG_3887-1536x1152.jpg 1536w, https:\/\/vertiqoutdoorexperience.com\/wp-content\/uploads\/2025\/09\/IMG_3887-2048x1536.jpg 2048w\" sizes=\"auto, (max-width: 2560px) 100vw, 2560px\" \/><span aria-hidden=\"true\" class=\"wp-block-cover__background has-background-dim-0 has-background-dim\" style=\"background-color:#838ea7\"><\/span><div class=\"wp-block-cover__inner-container is-layout-constrained wp-block-cover-is-layout-constrained\">\n<p class=\"has-text-align-center has-large-font-size\"><\/p>\n<\/div><\/div>\n<\/div><\/div>\n\n\n\n<div class=\"wp-block-uagb-slider-child uagb-slider-child-wrap swiper-slide uagb-block-52af9904\"><div class=\"swiper-content\">\n<div class=\"wp-block-uagb-container uagb-block-a47b9cc1\">\n<div class=\"wp-block-uagb-info-box uagb-block-666764ba uagb-infobox__content-wrap  uagb-infobox-icon-below-title uagb-infobox-image-valign-top\"><div class=\"uagb-ifb-content\"><div class=\"uagb-ifb-title-wrap\"><h3 class=\"uagb-ifb-title\">CHILE<\/h3><\/div><div class=\"uagb-ifb-separator\"><\/div><div class=\"uagb-ifb-image-content\"><img decoding=\"async\" src=\"https:\/\/vertiqoutdoorexperience.com\/wp-content\/uploads\/2025\/09\/Flag_of_Chile.svg-2.png\" alt=\"\" width=\"70\" height=\"46\" loading=\"lazy\"\/><\/div><p class=\"uagb-ifb-desc\">Experience the thrill of climbing the world's highest active volcano. Join our expedition to Ojos del Salado and discover the Atacama Desert and its fascinating scenery.<\/p><\/div><\/div>\n<\/div>\n\n\n\n<div class=\"wp-block-cover is-light\" style=\"min-height:470px;aspect-ratio:unset;\"><img loading=\"lazy\" decoding=\"async\" width=\"2560\" height=\"1920\" class=\"wp-block-cover__image-background wp-image-1469 size-full\" alt=\"\" src=\"https:\/\/vertiqoutdoorexperience.com\/wp-content\/uploads\/2025\/09\/IMG_0386-scaled.jpg\" style=\"object-position:46% 63%\" data-object-fit=\"cover\" data-object-position=\"46% 63%\" srcset=\"https:\/\/vertiqoutdoorexperience.com\/wp-content\/uploads\/2025\/09\/IMG_0386-scaled.jpg 2560w, https:\/\/vertiqoutdoorexperience.com\/wp-content\/uploads\/2025\/09\/IMG_0386-300x225.jpg 300w, https:\/\/vertiqoutdoorexperience.com\/wp-content\/uploads\/2025\/09\/IMG_0386-1024x768.jpg 1024w, https:\/\/vertiqoutdoorexperience.com\/wp-content\/uploads\/2025\/09\/IMG_0386-768x576.jpg 768w, https:\/\/vertiqoutdoorexperience.com\/wp-content\/uploads\/2025\/09\/IMG_0386-1536x1152.jpg 1536w, https:\/\/vertiqoutdoorexperience.com\/wp-content\/uploads\/2025\/09\/IMG_0386-2048x1536.jpg 2048w\" sizes=\"auto, (max-width: 2560px) 100vw, 2560px\" \/><span aria-hidden=\"true\" class=\"wp-block-cover__background has-background-dim-0 has-background-dim\" style=\"background-color:#909cb4\"><\/span><div class=\"wp-block-cover__inner-container is-layout-constrained wp-block-cover-is-layout-constrained\">\n<p class=\"has-text-align-center has-large-font-size\"><\/p>\n<\/div><\/div>\n<\/div><\/div>\n<\/div><\/div><div class=\"swiper-pagination\"><\/div><div class=\"swiper-button-prev\"><\/div><div class=\"swiper-button-next\"><\/div><\/div>\n<\/div>\n<\/div>\n<\/div>\n<\/div>\n\n\n\n<div class=\"wp-block-uagb-container uagb-block-7ee7423e alignfull uagb-is-root-container\"><div class=\"uagb-container-inner-blocks-wrap\">\n<hr class=\"wp-block-separator has-text-color has-alpha-channel-opacity has-background is-style-wide\" style=\"margin-top:0;margin-bottom:0;background-color:#073c7d;color:#073c7d\"\/>\n<\/div><\/div>\n\n\n\n<div class=\"wp-block-uagb-container uagb-block-0127aa57 alignfull uagb-is-root-container\"><div class=\"uagb-container-inner-blocks-wrap\">\n<div class=\"wp-block-uagb-advanced-heading uagb-block-44e7f4cb\"><h4 class=\"uagb-heading-text\">EXPLORE OUR GALLERY<\/h4><\/div>\n\n\n\n<div class=\"wp-block-uagb-buttons uagb-buttons__outer-wrap uagb-btn__default-btn uagb-btn-tablet__default-btn uagb-btn-mobile__default-btn uagb-block-82efa6d8\"><div class=\"uagb-buttons__wrap uagb-buttons-layout-wrap\">\n<div class=\"wp-block-uagb-buttons-child uagb-buttons__outer-wrap uagb-block-8adc4154 wp-block-button\"><div class=\"uagb-button__wrapper\"><a class=\"uagb-buttons-repeater wp-block-button__link\" aria-label=\"\" href=\"https:\/\/vertiqoutdoorexperience.com\/en\/galeria\/\" rel=\"follow noopener\" target=\"_self\" role=\"button\"><div class=\"uagb-button__link\">GALLERY<\/div><\/a><\/div><\/div>\n<\/div><\/div>\n<\/div><\/div>\n\n\n\n<div class=\"wp-block-uagb-container uagb-block-29ad678d alignfull uagb-is-root-container\"><div class=\"uagb-container-inner-blocks-wrap\"><\/div><\/div>\n\n\n\n<div class=\"wp-block-uagb-container uagb-block-274ed4b5 alignfull uagb-is-root-container\"><div class=\"uagb-container-inner-blocks-wrap\">\n<div class=\"wp-block-group has-white-background-color has-background is-content-justification-space-between is-nowrap is-layout-flex wp-container-core-group-is-layout-01449a52 wp-block-group-is-layout-flex\" style=\"padding-top:0;padding-right:var(--wp--preset--spacing--80);padding-bottom:0;padding-left:var(--wp--preset--spacing--80)\">\n<div class=\"wp-block-uagb-image uagb-block-22a9157b wp-block-uagb-image--layout-default wp-block-uagb-image--effect-static wp-block-uagb-image--align-none wp-container-content-69bc4bdf\"><figure class=\"wp-block-uagb-image__figure\"><img decoding=\"async\" srcset=\"https:\/\/vertiqoutdoorexperience.com\/wp-content\/uploads\/2025\/09\/cropped-LOGO-ASEGUIM-COLORES-2-4.png ,https:\/\/vertiqoutdoorexperience.com\/wp-content\/uploads\/2025\/09\/cropped-LOGO-ASEGUIM-COLORES-2-4.png 780w, https:\/\/vertiqoutdoorexperience.com\/wp-content\/uploads\/2025\/09\/cropped-LOGO-ASEGUIM-COLORES-2-4.png 360w\" sizes=\"auto, (max-width: 480px) 150px\" src=\"https:\/\/vertiqoutdoorexperience.com\/wp-content\/uploads\/2025\/09\/cropped-LOGO-ASEGUIM-COLORES-2-4.png\" alt=\"\" class=\"uag-image-1489\" width=\"140\" height=\"140\" title=\"cropped-LOGO-ASEGUIM-COLORES-2\" loading=\"lazy\" role=\"img\"\/><\/figure><\/div>\n\n\n\n<div class=\"wp-block-uagb-image aligncenter uagb-block-818abe86 wp-block-uagb-image--layout-default wp-block-uagb-image--effect-static wp-block-uagb-image--align-center wp-container-content-5dc44c30\"><figure class=\"wp-block-uagb-image__figure\"><img decoding=\"async\" srcset=\"https:\/\/vertiqoutdoorexperience.com\/wp-content\/uploads\/2025\/09\/lgo-uiagm-aseguim-ecuador-pfvcml9qya16h96bcsz5vpl5lo1irb0vk8xprz6k0g.png ,https:\/\/vertiqoutdoorexperience.com\/wp-content\/uploads\/2025\/09\/lgo-uiagm-aseguim-ecuador-pfvcml9qya16h96bcsz5vpl5lo1irb0vk8xprz6k0g.png 780w, https:\/\/vertiqoutdoorexperience.com\/wp-content\/uploads\/2025\/09\/lgo-uiagm-aseguim-ecuador-pfvcml9qya16h96bcsz5vpl5lo1irb0vk8xprz6k0g.png 360w\" sizes=\"auto, (max-width: 480px) 150px\" src=\"https:\/\/vertiqoutdoorexperience.com\/wp-content\/uploads\/2025\/09\/lgo-uiagm-aseguim-ecuador-pfvcml9qya16h96bcsz5vpl5lo1irb0vk8xprz6k0g.png\" alt=\"\" class=\"uag-image-1490\" width=\"159\" height=\"155\" title=\"lgo-uiagm-aseguim-ecuador-pfvcml9qya16h96bcsz5vpl5lo1irb0vk8xprz6k0g\" loading=\"lazy\" role=\"img\"\/><\/figure><\/div>\n\n\n\n<div class=\"wp-block-uagb-image uagb-block-981216e8 wp-block-uagb-image--layout-default wp-block-uagb-image--effect-static wp-block-uagb-image--align-none wp-container-content-69bc4bdf\"><figure class=\"wp-block-uagb-image__figure\"><img decoding=\"async\" srcset=\"https:\/\/vertiqoutdoorexperience.com\/wp-content\/uploads\/2025\/09\/logo-ministerio.webp ,https:\/\/vertiqoutdoorexperience.com\/wp-content\/uploads\/2025\/09\/logo-ministerio.webp 780w, https:\/\/vertiqoutdoorexperience.com\/wp-content\/uploads\/2025\/09\/logo-ministerio.webp 360w\" sizes=\"auto, (max-width: 480px) 150px\" src=\"https:\/\/vertiqoutdoorexperience.com\/wp-content\/uploads\/2025\/09\/logo-ministerio.webp\" alt=\"\" class=\"uag-image-1491\" width=\"300\" height=\"190\" title=\"logo-ministerio\" loading=\"lazy\" role=\"img\"\/><\/figure><\/div>\n<\/div>\n<\/div><\/div>","protected":false},"excerpt":{"rendered":"<p>EXPLORA LOS ANDES CON NOSOTROS VertiQ te acompa\u00f1ar\u00e1 a cumplir tus sue\u00f1os. EXPLORA NUESTRA GALER\u00cdA<\/p>","protected":false},"author":1,"featured_media":1431,"parent":0,"menu_order":0,"comment_status":"closed","ping_status":"closed","template":"","meta":{"_surecart_dashboard_logo_width":"180px","_surecart_dashboard_show_logo":true,"_surecart_dashboard_navigation_orders":true,"_surecart_dashboard_navigation_invoices":true,"_surecart_dashboard_navigation_subscriptions":true,"_surecart_dashboard_navigation_downloads":true,"_surecart_dashboard_navigation_billing":true,"_surecart_dashboard_navigation_account":true,"_uag_custom_page_level_css":"","site-sidebar-layout":"default","site-content-layout":"plain-container","ast-site-content-layout":"default","site-content-style":"unboxed","site-sidebar-style":"default","ast-global-header-display":"","ast-banner-title-visibility":"","ast-main-header-display":"","ast-hfb-above-header-display":"","ast-hfb-below-header-display":"","ast-hfb-mobile-header-display":"","site-post-title":"disabled","ast-breadcrumbs-content":"","ast-featured-img":"","footer-sml-layout":"","theme-transparent-header-meta":"enabled","adv-header-id-meta":"","stick-header-meta":"","header-above-stick-meta":"","header-main-stick-meta":"","header-below-stick-meta":"","astra-migrate-meta-layouts":"set","ast-page-background-enabled":"default","ast-page-background-meta":{"desktop":{"background-color":"","background-image":"","background-repeat":"repeat","background-position":"center center","background-size":"auto","background-attachment":"scroll","background-type":"","background-media":"","overlay-type":"","overlay-color":"","overlay-opacity":"","overlay-gradient":""},"tablet":{"background-color":"","background-image":"","background-repeat":"repeat","background-position":"center center","background-size":"auto","background-attachment":"scroll","background-type":"","background-media":"","overlay-type":"","overlay-color":"","overlay-opacity":"","overlay-gradient":""},"mobile":{"background-color":"","background-image":"","background-repeat":"repeat","background-position":"center center","background-size":"auto","background-attachment":"scroll","background-type":"","background-media":"","overlay-type":"","overlay-color":"","overlay-opacity":"","overlay-gradient":""}},"ast-content-background-meta":{"desktop":{"background-color":"var(--ast-global-color-5)","background-image":"","background-repeat":"repeat","background-position":"center center","background-size":"auto","background-attachment":"scroll","background-type":"","background-media":"","overlay-type":"","overlay-color":"","overlay-opacity":"","overlay-gradient":""},"tablet":{"background-color":"var(--ast-global-color-5)","background-image":"","background-repeat":"repeat","background-position":"center center","background-size":"auto","background-attachment":"scroll","background-type":"","background-media":"","overlay-type":"","overlay-color":"","overlay-opacity":"","overlay-gradient":""},"mobile":{"background-color":"var(--ast-global-color-5)","background-image":"","background-repeat":"repeat","background-position":"center center","background-size":"auto","background-attachment":"scroll","background-type":"","background-media":"","overlay-type":"","overlay-color":"","overlay-opacity":"","overlay-gradient":""}},"footnotes":""},"class_list":["post-919","page","type-page","status-publish","has-post-thumbnail","hentry"],"_hostinger_reach_plugin_has_subscription_block":false,"_hostinger_reach_plugin_is_elementor":false,"uagb_featured_image_src":{"full":["https:\/\/vertiqoutdoorexperience.com\/wp-content\/uploads\/2025\/09\/DSC02074-1-scaled.jpg",1707,2560,false],"thumbnail":["https:\/\/vertiqoutdoorexperience.com\/wp-content\/uploads\/2025\/09\/DSC02074-1-150x150.jpg",150,150,true],"medium":["https:\/\/vertiqoutdoorexperience.com\/wp-content\/uploads\/2025\/09\/DSC02074-1-200x300.jpg",200,300,true],"medium_large":["https:\/\/vertiqoutdoorexperience.com\/wp-content\/uploads\/2025\/09\/DSC02074-1-768x1152.jpg",768,1152,true],"large":["https:\/\/vertiqoutdoorexperience.com\/wp-content\/uploads\/2025\/09\/DSC02074-1-683x1024.jpg",683,1024,true],"1536x1536":["https:\/\/vertiqoutdoorexperience.com\/wp-content\/uploads\/2025\/09\/DSC02074-1-1024x1536.jpg",1024,1536,true],"2048x2048":["https:\/\/vertiqoutdoorexperience.com\/wp-content\/uploads\/2025\/09\/DSC02074-1-1365x2048.jpg",1365,2048,true],"trp-custom-language-flag":["https:\/\/vertiqoutdoorexperience.com\/wp-content\/uploads\/2025\/09\/DSC02074-1-scaled.jpg",8,12,false],"woocommerce_thumbnail":["https:\/\/vertiqoutdoorexperience.com\/wp-content\/uploads\/2025\/09\/DSC02074-1-scaled-300x300.jpg",300,300,true],"woocommerce_single":["https:\/\/vertiqoutdoorexperience.com\/wp-content\/uploads\/2025\/09\/DSC02074-1-scaled.jpg",600,900,false],"woocommerce_gallery_thumbnail":["https:\/\/vertiqoutdoorexperience.com\/wp-content\/uploads\/2025\/09\/DSC02074-1-scaled-100x100.jpg",100,100,true]},"uagb_author_info":{"display_name":"infovertiq@gmail.com","author_link":"https:\/\/vertiqoutdoorexperience.com\/en\/author\/infovertiqgmail-com\/"},"uagb_comment_info":0,"uagb_excerpt":"EXPLORA LOS ANDES CON NOSOTROS VertiQ te acompa\u00f1ar\u00e1 a cumplir tus sue\u00f1os. EXPLORA NUESTRA GALER\u00cdA","_links":{"self":[{"href":"https:\/\/vertiqoutdoorexperience.com\/en\/wp-json\/wp\/v2\/pages\/919","targetHints":{"allow":["GET"]}}],"collection":[{"href":"https:\/\/vertiqoutdoorexperience.com\/en\/wp-json\/wp\/v2\/pages"}],"about":[{"href":"https:\/\/vertiqoutdoorexperience.com\/en\/wp-json\/wp\/v2\/types\/page"}],"author":[{"embeddable":true,"href":"https:\/\/vertiqoutdoorexperience.com\/en\/wp-json\/wp\/v2\/users\/1"}],"replies":[{"embeddable":true,"href":"https:\/\/vertiqoutdoorexperience.com\/en\/wp-json\/wp\/v2\/comments?post=919"}],"version-history":[{"count":49,"href":"https:\/\/vertiqoutdoorexperience.com\/en\/wp-json\/wp\/v2\/pages\/919\/revisions"}],"predecessor-version":[{"id":1878,"href":"https:\/\/vertiqoutdoorexperience.com\/en\/wp-json\/wp\/v2\/pages\/919\/revisions\/1878"}],"wp:featuredmedia":[{"embeddable":true,"href":"https:\/\/vertiqoutdoorexperience.com\/en\/wp-json\/wp\/v2\/media\/1431"}],"wp:attachment":[{"href":"https:\/\/vertiqoutdoorexperience.com\/en\/wp-json\/wp\/v2\/media?parent=919"}],"curies":[{"name":"wp","href":"https:\/\/api.w.org\/{rel}","templated":true}]}}